{"id":1090,"date":"2022-08-30T11:41:07","date_gmt":"2022-08-30T09:41:07","guid":{"rendered":"https:\/\/cttb.education\/landing\/?page_id=1090"},"modified":"2022-08-30T11:41:07","modified_gmt":"2022-08-30T09:41:07","slug":"regulamin-promocji","status":"publish","type":"page","link":"https:\/\/cttb.education\/landing\/regulamin-promocji\/","title":{"rendered":"Regulamin promocji"},"content":{"rendered":"<section class=\"wpb-content-wrapper\"><p>[vc_row][vc_column][vc_column_text woodmart_inline=&#8221;no&#8221; text_larger=&#8221;no&#8221;]<\/p>\n<h1 style=\"text-align: center;\">REGULAMIN PROMOCJI z wykorzystaniem \u201eKARTA<br \/>PODARUNKOWA\u201d\u00a0<\/h1>\n<p style=\"text-align: center;\">(dalej zwany \u201eRegulamin\u201d)<\/p>\n<p>&nbsp;<\/p>\n<h3 style=\"text-align: center;\">\u00a7 1 POSTANOWIENIA OG\u00d3LNE<\/h3>\n<p>&nbsp;<\/p>\n<p>1. Organizatorem promocji w formie sprzeda\u017cy promocyjnej o nazwie \u201eKARTA PODARUNKOWA\u201d, zwanej dalej \u201ePromocj\u0105\u201d, jest CTTB &#8211; Coaching Teaching and Transitions for Business Private Limited Company (a company registered in England and Wales with company number 13377269 and registered office at 27 Old Gloucester Street, WC1N 3AX, London, England, United Kingdom) w dalszej cz\u0119\u015bci zwanej \u201eOrganizatorem\u201d. kontakt e-mail: office@cttb.education<br \/>2. Celem Promocji jest promocja warsztat\u00f3w j\u0119zykowych lektora (dalej zwane: \u201eWarsztaty\u201d w postaci warsztat\u00f3w online do samodzielnej nauki lub prowadzonych przez lektora, oferowanych i dost\u0119pnych na prowadzonej przez Organizatora \u201d Platformie Edukacyjnej (dalej: \u201ePlatforma\u201d)<br \/>3. Czas trwania Promocji obni\u017conej ceny za zakup jednego pakietu test\u00f3w obejmuje okres od 15 wrze\u015bnia 2022 roku do 15 lutego 2023.<br \/>4. Promocja zakupu jednego pakietu polega na obni\u017ceniu ceny o 34% tj. ze 150,-z\u0142 brutto na 99,-z\u0142 brutto.<br \/>5. Zakup jednego Pakietu Test\u00f3w upowa\u017cnia do obni\u017cenia ceny zakupu lub op\u0142aty jednego wybranego Warsztatu.<br \/>6. Czas trwania Promocji obni\u017conej ceny Warsztaty przy zakupie jakiegokolwiek jednego pakietu test\u00f3w jest nieograniczony.<br \/>7. Przekazuj\u0105cym nagrod\u0119 jest Organizator.<br \/>8. Promocja organizowana jest online bez ogranicze\u0144 terytorialnych.<\/p>\n<p>&nbsp;<\/p>\n<h3 style=\"text-align: center;\">\u00a72 PRZEDMIOT PROMOCJI<\/h3>\n<p>&nbsp;<\/p>\n<ol>\n<li style=\"text-align: left;\">W Promocji zostanie przyznanych nieograniczona pojedynczych rabat\u00f3w (dalej:<br \/>\u201eRabatami\u201d) w postaci pojedynczego upowa\u017cnienia do skorzystania z rabatu o<br \/>warto\u015bci jednostkowej 100,00 z\u0142otych brutto (dalej: \u201eRabatem\u201d) daj\u0105cego prawo do<br \/>obni\u017cenia ceny wybranego przez kursanta Warsztatu J\u0119zyka Angielskiego<br \/>zawodowego \/bran\u017cowego (dalej: \u201eWarsztat\u201d).\n<p>&nbsp;<\/p>\n<\/li>\n<\/ol>\n<h3 style=\"text-align: center;\">\u00a73 WARUNKI UCZESTNICTWA I PRZEBIEG PROMOCJI<\/h3>\n<p>1. Promocja przeznaczona jest wy\u0142\u0105cznie dla os\u00f3b korzystaj\u0105cych z Warsztat\u00f3w.<br \/>2. Z udzia\u0142u w Promocji wy\u0142\u0105czeni s\u0105 pracownicy Organizatora.<br \/>3. Udzia\u0142 w Promocji i podanie zwi\u0105zanych z udzia\u0142em danych jest dobrowolne.<br \/>4. W celu wzi\u0119cia udzia\u0142u w Promocji Warsztat\u00f3w oraz uzyskania Rabatu Uczestnik powinien w czasie trwania Promocji:<br \/>1. zakupi\u0107 w 1 Pakiet Test\u00f3w po obni\u017conej cenie 99,-z\u0142 brutto.<br \/>2. okaza\u0107 paragon lub faktur\u0119 lub email potwierdzaj\u0105cy zakup jednego Pakietu Test\u00f3w drog\u0105 elektroniczn\u0105.<br \/>3. zezwoli\u0107 na dokonanie stosownej adnotacji na dokumencie ksi\u0119gowym o wykorzystaniu tego rabatu, uniemo\u017cliwiaj\u0105cej ponowne jego wykorzystanie w ramach Promocji.<br \/>4. zrealizowanie danej Karty Podarunkowej mo\u017ce nast\u0105pi\u0107 tylko jeden raz.<br \/>5. Wykonanie czynno\u015bci wymienionych w ust. 4 stanowi\u0107 b\u0119dzie zrealizowanie zg\u0142oszenia Uczestnika do Promocji (dalej \u201eZg\u0142oszenie\u201d).<br \/>6. W przypadku up\u0142ywu jakiegokolwiek terminu z \u00a7 1, Promocja ulega automatycznemu zako\u0144czeniu.<br \/>7. Informacja o up\u0142ywu jakiegokolwiek terminu z \u00a7 1 i zako\u0144czeniu Promocji b\u0119dzie dost\u0119pna w znajduj\u0105cym si\u0119 w nim punkcie obs\u0142ugi klienta.<br \/>8. Wszystkie czynno\u015bci zwi\u0105zane ze SPRZEDA\u017b\u0104 PROMOCYJN\u0104 \u201eKARTY PODARUNKOWEJ\u201d oraz uprawnie\u0144 z tego wynikaj\u0105cych s\u0105 realizowane drog\u0105<br \/>elektroniczn\u0105.<br \/>9. Aby rozpocz\u0105\u0107 korzystanie z zakupionych produkt\u00f3w\/us\u0142ug U\u017cytkownik musi dokona\u0107 skutecznej p\u0142atno\u015bci.<br \/>10. Sprzeda\u017c produkt\u00f3w prowadzona jest za po\u015brednictwem: cttb.education\/, https:\/\/cttb.education\/pl\/shop\/ i landing page, na kt\u00f3rej produkt jest reklamowy.<br \/>11. W celu zakupu Produktu nale\u017cy post\u0119powa\u0107 zgodnie z instrukcjami, w tym m.in. nale\u017cy:<br \/>1) wybra\u0107 Produkt, kt\u00f3ry chce si\u0119 kupi\u0107,<br \/>2) nast\u0119pnie nale\u017cy uzupe\u0142ni\u0107 formularz zam\u00f3wienia,<br \/>3) potwierdzi\u0107 akceptacj\u0119 Regulaminu oraz ch\u0119\u0107 dokonania p\u0142atno\u015bci za produkt,<br \/>4) dokona\u0107 p\u0142atno\u015bci.<br \/>12. Dokonanie skutecznej p\u0142atno\u015bci jest r\u00f3wnoznaczne z zawarciem umowy.<\/p>\n<p>&nbsp;<\/p>\n<h3 style=\"text-align: center;\">\u00a74 Kiedy i jak otrzymam Produkt?<\/h3>\n<p>1. Zakupiony przez U\u017cytkownika Produkt b\u0119dzie udost\u0119pniony U\u017cytkownikowi niezw\u0142ocznie po zakupie, nie p\u00f3\u017aniej ni\u017c w ci\u0105gu 48 godzin od chwili dokonania skutecznej p\u0142atno\u015bci m.in. na e-mail podany przy zam\u00f3wieniu lub jako materia\u0142 dost\u0119pny na platformie szkoleniowej lub komunikacyjnej z zastrze\u017ceniem poni\u017cszych wyj\u0105tk\u00f3w.<br \/>2. W przypadku zakupu Produktu uwzgl\u0119dniaj\u0105cego konsultacje on-line, konsultacje zostan\u0105 przeprowadzone po wcze\u015bniejszym uzgodnieniu terminu z U\u017cytkownikiem<br \/>3. Materia\u0142y kursowe b\u0119d\u0105 udost\u0119pniane systematycznie zgodnie z programem kursu lub zgodnie z terminami wskazanymi w opisie kursu. Je\u017celi U\u017cytkownik nie mo\u017ce uruchomi\u0107 pliku udost\u0119pnianego w ramach Kursu, powinien skontaktowa\u0107 si\u0119 z CTTB LTD office@cttb.education. Po zako\u0144czeniu kursu materia\u0142y b\u0119d\u0105 dost\u0119pne zgodnie z terminem wskazanym w opisie Produktu.<br \/>4. W przypadku gdy przy opisie Produktu przewidziano inny termin realizacji, obowi\u0105zuj\u0105 zasady wskazane w opisie Produktu.<\/p>\n<p>&nbsp;<\/p>\n<h3 style=\"text-align: center;\">\u00a75 POST\u0118POWANIE REKLAMACYJNE<\/h3>\n<p>&nbsp;<\/p>\n<p style=\"text-align: left;\">1. Sprzedawca dba o to, aby dostarcza\u0107 wysokiej jako\u015bci us\u0142ugi i produkty.<br \/>2. U\u017cytkownik mo\u017ce sk\u0142ada\u0107 reklamacje dotycz\u0105ce zakupionych produkt\u00f3w\/us\u0142ug.<br \/>3. Reklamacja powinna zosta\u0107 wys\u0142ana na adres poczty elektronicznej Us\u0142ugodawcy: office@cttb.education .<br \/>4. Reklamacja powinna zawiera\u0107 dane umo\u017cliwiaj\u0105ce identyfikacj\u0119 U\u017cytkownika, przedmiot reklamacji oraz \u017c\u0105dania zwi\u0105zane z reklamacj\u0105. W przypadku otrzymania niekompletnej reklamacji, Sprzedawca wezwie U\u017cytkownika do jej uzupe\u0142nienia pod rygorem pozostawienia reklamacji bez rozpoznania.<br \/>5. Sprzedawca niezw\u0142ocznie, lecz nie p\u00f3\u017aniej ni\u017c w terminie 14 dni rozpatruje reklamacje. Odpowied\u017a przes\u0142ana zostanie na adres e-mail wskazany przez U\u017cytkownika.<\/p>\n<p>&nbsp;<\/p>\n<h3 style=\"text-align: center;\">\u00a76 POSTANOWIENIA KO\u0143COWE<\/h3>\n<p>&nbsp;<\/p>\n<p>1. Niniejszy Regulamin dost\u0119pny na stronie www Promocji.<br \/>2. Organizator zastrzega sobie prawo wprowadzenia zmian w niniejszym Regulaminie, w ka\u017cdym czasie bez podania przyczyny. Zmiany w regulaminie nie mog\u0105 jednak narusza\u0107 praw nabytych przez Uczestnik\u00f3w.<br \/>3. Postanowienia uszczeg\u00f3\u0142awiaj\u0105ce dot. Konta Klienta, kontaktu Organizatorem znajduj\u0105 si\u0119 w Regulaminie Sklepu online, Polityce Prywatno\u015bci, Disclaimer i GDPR-RODO.<br \/>4. Niniejsza promocja i korespondencja prowadzona jest w zgodzie z GDPR-RODO.<\/p>\n<p>&nbsp;<\/p>\n<h3 style=\"text-align: center;\">\u00a0<\/h3>\n<p>[\/vc_column_text][\/vc_column][\/vc_row]<\/p>\n<\/section>","protected":false},"excerpt":{"rendered":"<p>[vc_row][vc_column][vc_column_text woodmart_inline=&#8221;no&#8221; text_larger=&#8221;no&#8221;] REGULAMIN PROMOCJI z wykorzystaniem \u201eKARTAPODARUNKOWA\u201d\u00a0 (dalej zwany \u201eRegulamin\u201d) &nbsp; \u00a7 1 POSTANOWIENIA OG\u00d3LNE &nbsp; 1. Organizatorem promocji<\/p>\n","protected":false},"author":1,"featured_media":0,"parent":0,"menu_order":0,"comment_status":"closed","ping_status":"open","template":"","meta":{"footnotes":""},"class_list":["post-1090","page","type-page","status-publish","hentry"],"_links":{"self":[{"href":"https:\/\/cttb.education\/landing\/wp-json\/wp\/v2\/pages\/1090","targetHints":{"allow":["GET"]}}],"collection":[{"href":"https:\/\/cttb.education\/landing\/wp-json\/wp\/v2\/pages"}],"about":[{"href":"https:\/\/cttb.education\/landing\/wp-json\/wp\/v2\/types\/page"}],"author":[{"embeddable":true,"href":"https:\/\/cttb.education\/landing\/wp-json\/wp\/v2\/users\/1"}],"replies":[{"embeddable":true,"href":"https:\/\/cttb.education\/landing\/wp-json\/wp\/v2\/comments?post=1090"}],"version-history":[{"count":3,"href":"https:\/\/cttb.education\/landing\/wp-json\/wp\/v2\/pages\/1090\/revisions"}],"predecessor-version":[{"id":1093,"href":"https:\/\/cttb.education\/landing\/wp-json\/wp\/v2\/pages\/1090\/revisions\/1093"}],"wp:attachment":[{"href":"https:\/\/cttb.education\/landing\/wp-json\/wp\/v2\/media?parent=1090"}],"curies":[{"name":"wp","href":"https:\/\/api.w.org\/{rel}","templated":true}]}}