{"id":1069,"date":"2022-08-29T09:40:34","date_gmt":"2022-08-29T07:40:34","guid":{"rendered":"https:\/\/cttb.education\/landing\/?page_id=1069"},"modified":"2022-08-29T10:40:04","modified_gmt":"2022-08-29T08:40:04","slug":"disclamier","status":"publish","type":"page","link":"https:\/\/cttb.education\/landing\/disclamier\/","title":{"rendered":"Disclamier"},"content":{"rendered":"<section class=\"wpb-content-wrapper\"><p>[vc_row][vc_column][vc_column_text woodmart_inline=&#8221;no&#8221; text_larger=&#8221;no&#8221;]<\/p>\n<h1 style=\"text-align: center;\">Disclamier i pozosta\u0142e regulacje<\/h1>\n<p>&nbsp;<\/p>\n<p>Niniejsza strona internetowa zawiera tre\u015bci dostarczone przez jej w\u0142a\u015bciciela, jego pracownik\u00f3w, a tak\u017ce osoby trzecie i u\u017cytkownik\u00f3w, ujmuje tak\u017ce w\u0142asne do\u015bwiadczenie moderatora. Poza tym ostatnim elementem, nie mamy kontroli redakcyjnej nad tre\u015bciami uj\u0119tymi na stronach podlinkowanych. Wszelkie opinie, opis zdarze\u0144, przypadk\u00f3w, inne podane informacje lub tre\u015bci wyra\u017cane lub udost\u0119pnione przez strony trzecie, w tym niezale\u017cnych dostawc\u00f3w informacji, s\u0105 przypisane odpowiednim autor\u00f3w, a nie Nam. Nie gwarantujemy precyzyjno\u015bci, kompletno\u015bci ani przydatno\u015bci tych informacji dla jakiegokolwiek konkretnego celu. Zgodno\u015b\u0107 z aktualnymi przepisami nale\u017cy zawsze i za ka\u017cdym razem, w ka\u017cdym indywidulanym przypadku sprawdza\u0107 i weryfikowa\u0107 u specjalist\u00f3w danej dziedziny.<\/p>\n<p>&nbsp;<\/p>\n<h1 style=\"text-align: center;\">Wy\u0142\u0105cznie w celach edukacyjnych i informacyjnych<\/h1>\n<p>Informacje zawarte na niniejszej stronie lub uj\u0119te na stronach powi\u0105zanych za jej po\u015brednictwem s\u0142u\u017c\u0105 wy\u0142\u0105cznie celom edukacyjnym i informacyjnym oraz wy\u0142\u0105cznie jako narz\u0119dzie pogl\u0105dowe do w\u0142asnego u\u017cytku czytelnika. Wszystkie materia\u0142y zawarte na tej stronie zosta\u0142y zaprojektowane tak, aby mo\u017cna je by\u0142o w dowolny spos\u00f3b wykorzystywa\u0107 jako informacj\u0119, a nie jako rad\u0119, porad\u0119 czy indywidualn\u0105 rekomendacj\u0119.<\/p>\n<p>Publikacj\u0119 t\u0119 mo\u017cna czyta\u0107 wy\u0142\u0105cznie online w formie cyfrowej. Nie mo\u017cna publikowa\u0107, ani udost\u0119pnia\u0107 przydzielonego indywidualnego linku prowadz\u0105cego do publikacji. To samo tyczy si\u0119 samego e-booka. Czytelnikowi przydziela si\u0119 jeden indywidualny niepowtarzalny kod, do kt\u00f3rego tylko on ma na oficjalne prawo korzystania. Pobieranie, drukowanie, oprawianie (bindowanie) lub ponowne publikowanie, ca\u0142o\u015bci lub kt\u00f3regokolwiek fragmentu z tego materia\u0142u w jakiejkolwiek innej formie lub na jakiejkolwiek innej stronie internetowej jest zabronione. Wszystkie zawarte tutaj materia\u0142y edukacyjne, informacyjne s\u0105 chronione mi\u0119dzynarodowym prawem autorskim.<\/p>\n<h1 style=\"text-align: center;\">B\u0142\u0119dy i przeoczenia<\/h1>\n<p>Chocia\u017c moderator, zesp\u00f3\u0142 redakcyjny i edytorki do\u0142o\u017cyli wszelkich stara\u0144, aby zapewni\u0107 dok\u0142adno\u015b\u0107 informacji udost\u0119pnionych na tej stronie lub za jej po\u015brednictwem, informacje te mog\u0105 nieumy\u015blnie zawiera\u0107 nie\u015bcis\u0142o\u015bci lub b\u0142\u0119dy typograficzne. Poprzez Disclaimer wyra\u017casz zgod\u0119 na to, \u017ce nie ponosimy odpowiedzialno\u015bci za pogl\u0105dy, opinie lub dok\u0142adno\u015b\u0107 fakt\u00f3w, do kt\u00f3rych odwo\u0142uj\u0105 si\u0119 lub na kt\u00f3re powo\u0142uj\u0105 si\u0119 wszystkie cz\u0119\u015bci tekstu zawartego na tej stronie. Poprzez Disclaimer wyra\u017casz zgod\u0119 na to, \u017ce nie ponosimy odpowiedzialno\u015bci za dok\u0142adno\u015b\u0107 materia\u0142\u00f3w referencyjnych lub informacji publikowanych, ani za jakiekolwiek b\u0142\u0119dy lub pomini\u0119cia w nim, kt\u00f3re mog\u0105 wyst\u0105pi\u0107 w spos\u00f3b niezamierzony.<\/p>\n<h1 style=\"text-align: center;\">Linki wychodz\u0105ce (zewn\u0119trzne) i referencyjne<\/h1>\n<p>Ta strona zawiera r\u00f3\u017cne linki do zewn\u0119trznych stron internetowych i materia\u0142\u00f3w zamieszczonych na You Tube, Vimeo, strony z podcastami i wielu innych tym podobnych kana\u0142\u00f3w informacyjnych. Te strony internetowe i ich zawarto\u015b\u0107 w \u017caden spos\u00f3b nie pozostaj\u0105 pod nasz\u0105 kontrol\u0105 ani nadzorem.<\/p>\n<p>Do\u0142o\u017cyli\u015bmy wszelkich stara\u0144, aby odwo\u0142ywa\u0107 si\u0119 wy\u0142\u0105cznie do zewn\u0119trznych stron internetowych zawieraj\u0105cych stosowne i aktualne informacje, teksty, produkty czy us\u0142ugi. Starali\u015bmy si\u0119 unika\u0107 witryn o nieodpowiedniej tre\u015bci. Jednak domeny i witryny internetowe regularnie zmieniaj\u0105 webmaster\u00f3w lub w\u0142a\u015bciciela, s\u0105 kupowane nowe, sprzedawane lub modyfikowane. W zwi\u0105zku z czym ich zawarto\u015b\u0107 podlega ci\u0105g\u0142ym niewielkim lub du\u017cym zmianom bez naszej wiedzy i informowania nas. W \u017cadnym z tych przypadk\u00f3w nie mamy kontroli redakcyjnej nad now\u0105 lub star\u0105 zawarto\u015bci\u0105 zewn\u0119trznych witryn uj\u0119tych na naszej stronie i pozosta\u0142ych naszych stronach firmowych.<\/p>\n<p>Klikaj\u0105c i przechodz\u0105c na zewn\u0119trzne strony internetowe, potwierdzasz, \u017ce wszystkie interakcje,w kt\u00f3re z takimi stronami wchodzisz, w\u0142\u0105czaj\u0105c w to lecz nie ograniczaj\u0105c si\u0119 tylko do jakichkolwiek skutk\u00f3w przez to wywo\u0142anych, kt\u00f3re mog\u0105 one powodowa\u0107 na Twoim urz\u0105dzeniu (laptopie, komputerze stacjonarnym czy urz\u0105dzeniu mobilnym) lub jakichkolwiek informacji, kt\u00f3re te strony uzyskaj\u0105 o czytelniku, tu: tobie, dokonujesz tego na w\u0142asne ryzyko i w \u017cadnych to okoliczno\u015bciach oraz za \u017cadne skutki takich dzia\u0142a\u0144 nie mo\u017cesz poci\u0105gn\u0105\u0107 nas za to do odpowiedzialno\u015bci prawnej.<\/p>\n<p>[\/vc_column_text][\/vc_column][\/vc_row]<\/p>\n<\/section>","protected":false},"excerpt":{"rendered":"<p>[vc_row][vc_column][vc_column_text woodmart_inline=&#8221;no&#8221; text_larger=&#8221;no&#8221;] Disclamier i pozosta\u0142e regulacje &nbsp; Niniejsza strona internetowa zawiera tre\u015bci dostarczone przez jej w\u0142a\u015bciciela, jego pracownik\u00f3w, a<\/p>\n","protected":false},"author":1,"featured_media":0,"parent":0,"menu_order":0,"comment_status":"closed","ping_status":"open","template":"","meta":{"footnotes":""},"class_list":["post-1069","page","type-page","status-publish","hentry"],"_links":{"self":[{"href":"https:\/\/cttb.education\/landing\/wp-json\/wp\/v2\/pages\/1069","targetHints":{"allow":["GET"]}}],"collection":[{"href":"https:\/\/cttb.education\/landing\/wp-json\/wp\/v2\/pages"}],"about":[{"href":"https:\/\/cttb.education\/landing\/wp-json\/wp\/v2\/types\/page"}],"author":[{"embeddable":true,"href":"https:\/\/cttb.education\/landing\/wp-json\/wp\/v2\/users\/1"}],"replies":[{"embeddable":true,"href":"https:\/\/cttb.education\/landing\/wp-json\/wp\/v2\/comments?post=1069"}],"version-history":[{"count":3,"href":"https:\/\/cttb.education\/landing\/wp-json\/wp\/v2\/pages\/1069\/revisions"}],"predecessor-version":[{"id":1071,"href":"https:\/\/cttb.education\/landing\/wp-json\/wp\/v2\/pages\/1069\/revisions\/1071"}],"wp:attachment":[{"href":"https:\/\/cttb.education\/landing\/wp-json\/wp\/v2\/media?parent=1069"}],"curies":[{"name":"wp","href":"https:\/\/api.w.org\/{rel}","templated":true}]}}